{"id":809,"date":"2019-11-04T08:32:53","date_gmt":"2019-11-04T08:32:53","guid":{"rendered":"https:\/\/www.moroccoexploretours.com\/contactenos\/"},"modified":"2020-01-23T15:59:36","modified_gmt":"2020-01-23T15:59:36","slug":"contactenos","status":"publish","type":"page","link":"https:\/\/www.moroccoexploretours.com\/es\/contactenos\/","title":{"rendered":"Cont\u00e1ctenos"},"content":{"rendered":"\n[et_pb_section fb_built=\u00bb1&#8243; fullwidth=\u00bbon\u00bb _builder_version=\u00bb3.29.3&#8243; fb_built=\u00bb1&#8243; _i=\u00bb0&#8243; _address=\u00bb0&#8243;][et_pb_fullwidth_header title=\u00bbCont\u00e1ctenos\u00bb header_scroll_down=\u00bbon\u00bb scroll_down_icon=\u00bb%%2%%\u00bb button_one_url=\u00bb\/?page_id=16&#8243; _builder_version=\u00bb3.29.3&#8243; title_font=\u00bbAcme||||||||\u00bb content_font=\u00bbAlike||||||||\u00bb use_background_color_gradient=\u00bbon\u00bb background_color_gradient_start=\u00bbrgba(224,43,32,0.64)\u00bb background_color_gradient_end=\u00bbrgba(224,43,32,0.67)\u00bb background_color_gradient_overlays_image=\u00bbon\u00bb background_image=\u00bbhttps:\/\/moroccoexploretours.com\/wp-content\/uploads\/2019\/10\/Morocco-goods-bg.jpg\u00bb custom_button_one=\u00bbon\u00bb button_one_text_color=\u00bb#E02B20&#8243; button_one_bg_color=\u00bb#FFFFFF\u00bb button_one_border_width=\u00bb0px\u00bb button_one_font=\u00bb|700|||||||\u00bb custom_padding=\u00bb160px||||false|false\u00bb custom_padding_tablet=\u00bb132px||||false|false\u00bb custom_padding_phone=\u00bb112px||||false|false\u00bb custom_padding_last_edited=\u00bbon|desktop\u00bb button_one_bg_enable_color=\u00bbon\u00bb _i=\u00bb0&#8243; _address=\u00bb0.0&#8243;]P\u00f3ngase en contacto con Morocco Explore Tours[\/et_pb_fullwidth_header][\/et_pb_section][et_pb_section fb_built=\u00bb1&#8243; _builder_version=\u00bb3.29.3&#8243; background_color=\u00bb#b11116&#8243; custom_padding=\u00bb14px||14px||true|\u00bb fb_built=\u00bb1&#8243; _i=\u00bb1&#8243; _address=\u00bb1&#8243;][et_pb_row _builder_version=\u00bb3.29.3&#8243; custom_margin=\u00bb0px||0px||true|false\u00bb custom_padding=\u00bb0px||0px||true|false\u00bb _i=\u00bb0&#8243; _address=\u00bb1.0&#8243;][et_pb_column type=\u00bb4_4&#8243; _builder_version=\u00bb3.29.3&#8243; _i=\u00bb0&#8243; _address=\u00bb1.0.0&#8243;][et_pb_text _builder_version=\u00bb3.29.3&#8243; header_font=\u00bbAcme|||on|||||\u00bb header_text_align=\u00bbcenter\u00bb header_text_color=\u00bb#FFFFFF\u00bb _i=\u00bb0&#8243; _address=\u00bb1.0.0.0&#8243;]<h1>Morocco Explore Tours; <strong>Contacto y formulario de reserva\r\n<\/strong><\/h1>[\/et_pb_text][\/et_pb_column][\/et_pb_row][\/et_pb_section][et_pb_section fb_built=\u00bb1&#8243; _builder_version=\u00bb3.29.3&#8243; fb_built=\u00bb1&#8243; _i=\u00bb2&#8243; _address=\u00bb2&#8243;][et_pb_row use_custom_gutter=\u00bbon\u00bb gutter_width=\u00bb2&#8243; _builder_version=\u00bb3.29.3&#8243; custom_margin=\u00bb||||false|false\u00bb _i=\u00bb0&#8243; _address=\u00bb2.0&#8243;][et_pb_column type=\u00bb4_4&#8243; _builder_version=\u00bb3.29.3&#8243; _i=\u00bb0&#8243; _address=\u00bb2.0.0&#8243;][et_pb_contact_form captcha=\u00bboff\u00bb email=\u00bbmoroccoexploretours@gmail.com\u00bb _builder_version=\u00bb3.29.3&#8243; form_field_text_color=\u00bb#000000&#8243; custom_button=\u00bbon\u00bb button_text_color=\u00bb#ffffff\u00bb button_bg_color=\u00bb#b11116&#8243; hover_enabled=\u00bb0&#8243; button_bg_enable_color=\u00bbon\u00bb _i=\u00bb0&#8243; _address=\u00bb2.0.0.0&#8243; form_field_background_color=\u00bb#d6d6d6&#8243;][et_pb_contact_field field_id=\u00bbName\u00bb field_title=\u00bbNombre\u00bb _builder_version=\u00bb3.16&#8243; _i=\u00bb0&#8243; _address=\u00bb2.0.0.0.0&#8243; button_text_size__hover_enabled=\u00bboff\u00bb button_one_text_size__hover_enabled=\u00bboff\u00bb button_two_text_size__hover_enabled=\u00bboff\u00bb button_text_color__hover_enabled=\u00bboff\u00bb button_one_text_color__hover_enabled=\u00bboff\u00bb button_two_text_color__hover_enabled=\u00bboff\u00bb button_border_width__hover_enabled=\u00bboff\u00bb button_one_border_width__hover_enabled=\u00bboff\u00bb button_two_border_width__hover_enabled=\u00bboff\u00bb button_border_color__hover_enabled=\u00bboff\u00bb button_one_border_color__hover_enabled=\u00bboff\u00bb button_two_border_color__hover_enabled=\u00bboff\u00bb button_border_radius__hover_enabled=\u00bboff\u00bb button_one_border_radius__hover_enabled=\u00bboff\u00bb button_two_border_radius__hover_enabled=\u00bboff\u00bb button_letter_spacing__hover_enabled=\u00bboff\u00bb button_one_letter_spacing__hover_enabled=\u00bboff\u00bb button_two_letter_spacing__hover_enabled=\u00bboff\u00bb button_bg_color__hover_enabled=\u00bboff\u00bb button_one_bg_color__hover_enabled=\u00bboff\u00bb button_two_bg_color__hover_enabled=\u00bboff\u00bb][\/et_pb_contact_field][et_pb_contact_field field_id=\u00bbEmail\u00bb field_title=\u00bbDirecci\u00f3n de correo electr\u00f3nico\u00bb field_type=\u00bbemail\u00bb _builder_version=\u00bb3.16&#8243; _i=\u00bb1&#8243; _address=\u00bb2.0.0.0.1&#8243; button_text_size__hover_enabled=\u00bboff\u00bb button_one_text_size__hover_enabled=\u00bboff\u00bb button_two_text_size__hover_enabled=\u00bboff\u00bb button_text_color__hover_enabled=\u00bboff\u00bb button_one_text_color__hover_enabled=\u00bboff\u00bb button_two_text_color__hover_enabled=\u00bboff\u00bb button_border_width__hover_enabled=\u00bboff\u00bb button_one_border_width__hover_enabled=\u00bboff\u00bb button_two_border_width__hover_enabled=\u00bboff\u00bb button_border_color__hover_enabled=\u00bboff\u00bb button_one_border_color__hover_enabled=\u00bboff\u00bb button_two_border_color__hover_enabled=\u00bboff\u00bb button_border_radius__hover_enabled=\u00bboff\u00bb button_one_border_radius__hover_enabled=\u00bboff\u00bb button_two_border_radius__hover_enabled=\u00bboff\u00bb button_letter_spacing__hover_enabled=\u00bboff\u00bb button_one_letter_spacing__hover_enabled=\u00bboff\u00bb button_two_letter_spacing__hover_enabled=\u00bboff\u00bb button_bg_color__hover_enabled=\u00bboff\u00bb button_one_bg_color__hover_enabled=\u00bboff\u00bb button_two_bg_color__hover_enabled=\u00bboff\u00bb][\/et_pb_contact_field][et_pb_contact_field field_id=\u00bbMessage\u00bb field_title=\u00bbMensaje\u00bb field_type=\u00bbtext\u00bb fullwidth_field=\u00bbon\u00bb _builder_version=\u00bb3.16&#8243; _i=\u00bb2&#8243; _address=\u00bb2.0.0.0.2&#8243; button_text_size__hover_enabled=\u00bboff\u00bb button_one_text_size__hover_enabled=\u00bboff\u00bb button_two_text_size__hover_enabled=\u00bboff\u00bb button_text_color__hover_enabled=\u00bboff\u00bb button_one_text_color__hover_enabled=\u00bboff\u00bb button_two_text_color__hover_enabled=\u00bboff\u00bb button_border_width__hover_enabled=\u00bboff\u00bb button_one_border_width__hover_enabled=\u00bboff\u00bb button_two_border_width__hover_enabled=\u00bboff\u00bb button_border_color__hover_enabled=\u00bboff\u00bb button_one_border_color__hover_enabled=\u00bboff\u00bb button_two_border_color__hover_enabled=\u00bboff\u00bb button_border_radius__hover_enabled=\u00bboff\u00bb button_one_border_radius__hover_enabled=\u00bboff\u00bb button_two_border_radius__hover_enabled=\u00bboff\u00bb button_letter_spacing__hover_enabled=\u00bboff\u00bb button_one_letter_spacing__hover_enabled=\u00bboff\u00bb button_two_letter_spacing__hover_enabled=\u00bboff\u00bb button_bg_color__hover_enabled=\u00bboff\u00bb button_one_bg_color__hover_enabled=\u00bboff\u00bb button_two_bg_color__hover_enabled=\u00bboff\u00bb][\/et_pb_contact_field][\/et_pb_contact_form][\/et_pb_column][\/et_pb_row][et_pb_row column_structure=\u00bb1_3,1_3,1_3&#8243; _builder_version=\u00bb3.29.3&#8243; _i=\u00bb1&#8243; _address=\u00bb2.1&#8243;][et_pb_column type=\u00bb1_3&#8243; _builder_version=\u00bb3.29.3&#8243; _i=\u00bb0&#8243; _address=\u00bb2.1.0&#8243;][et_pb_blurb title=\u00bb+212 673 051 060&#8243; url=\u00bbtel:+212673051060&#8243; use_icon=\u00bbon\u00bb font_icon=\u00bb%%264%%\u00bb icon_color=\u00bb#b11116&#8243; _builder_version=\u00bb3.29.3&#8243; text_orientation=\u00bbcenter\u00bb _i=\u00bb0&#8243; _address=\u00bb2.1.0.0&#8243;]Ll\u00e1menos y chat de WhatsApp[\/et_pb_blurb][\/et_pb_column][et_pb_column type=\u00bb1_3&#8243; _builder_version=\u00bb3.29.3&#8243; _i=\u00bb1&#8243; _address=\u00bb2.1.1&#8243;][et_pb_blurb title=\u00bbmoroccoexploretours@gmail.com\u00bb url=\u00bbmailto:moroccoexploretours@gmail.com\u00bb use_icon=\u00bbon\u00bb font_icon=\u00bb%%109%%\u00bb icon_color=\u00bb#b11116&#8243; _builder_version=\u00bb3.29.3&#8243; text_orientation=\u00bbcenter\u00bb _i=\u00bb0&#8243; _address=\u00bb2.1.1.0&#8243;]P\u00f3ngase en contacto, env\u00edenos un correo electr\u00f3nico[\/et_pb_blurb][\/et_pb_column][et_pb_column type=\u00bb1_3&#8243; _builder_version=\u00bb3.29.3&#8243; _i=\u00bb2&#8243; _address=\u00bb2.1.2&#8243;][et_pb_image src=\u00bbhttps:\/\/moroccoexploretours.com\/wp-content\/uploads\/2019\/10\/tripadvisor-.png\u00bb url=\u00bbhttps:\/\/www.tripadvisor.com\/Attraction_Review-g293733-d13109084-Reviews-Morocco_Explore_Tours-Fes_Fes_Boulemane_Region.html\u00bb _builder_version=\u00bb3.29.3&#8243; _i=\u00bb0&#8243; _address=\u00bb2.1.2.0&#8243;][\/et_pb_image][\/et_pb_column][\/et_pb_row][\/et_pb_section]\n","protected":false},"excerpt":{"rendered":"<p>P\u00f3ngase en contacto con Morocco Explore ToursMorocco Explore Tours; Contacto y formulario de reserva Ll\u00e1menos y chat de WhatsAppP\u00f3ngase en contacto, env\u00edenos un correo electr\u00f3nico<\/p>\n","protected":false},"author":1,"featured_media":0,"parent":0,"menu_order":0,"comment_status":"closed","ping_status":"closed","template":"","meta":{"_et_pb_use_builder":"on","_et_pb_old_content":"","_et_gb_content_width":"","_joinchat":[],"footnotes":""},"class_list":["post-809","page","type-page","status-publish","hentry"],"_links":{"self":[{"href":"https:\/\/www.moroccoexploretours.com\/es\/wp-json\/wp\/v2\/pages\/809","targetHints":{"allow":["GET"]}}],"collection":[{"href":"https:\/\/www.moroccoexploretours.com\/es\/wp-json\/wp\/v2\/pages"}],"about":[{"href":"https:\/\/www.moroccoexploretours.com\/es\/wp-json\/wp\/v2\/types\/page"}],"author":[{"embeddable":true,"href":"https:\/\/www.moroccoexploretours.com\/es\/wp-json\/wp\/v2\/users\/1"}],"replies":[{"embeddable":true,"href":"https:\/\/www.moroccoexploretours.com\/es\/wp-json\/wp\/v2\/comments?post=809"}],"version-history":[{"count":5,"href":"https:\/\/www.moroccoexploretours.com\/es\/wp-json\/wp\/v2\/pages\/809\/revisions"}],"predecessor-version":[{"id":1170,"href":"https:\/\/www.moroccoexploretours.com\/es\/wp-json\/wp\/v2\/pages\/809\/revisions\/1170"}],"wp:attachment":[{"href":"https:\/\/www.moroccoexploretours.com\/es\/wp-json\/wp\/v2\/media?parent=809"}],"curies":[{"name":"wp","href":"https:\/\/api.w.org\/{rel}","templated":true}]}}