{"id":603,"date":"2019-10-26T17:19:05","date_gmt":"2019-10-26T17:19:05","guid":{"rendered":"https:\/\/moroccoexploretours.com\/quienes-somos\/"},"modified":"2024-03-21T01:37:28","modified_gmt":"2024-03-21T01:37:28","slug":"quienes-somos","status":"publish","type":"page","link":"https:\/\/www.moroccoexploretours.com\/es\/quienes-somos\/","title":{"rendered":"QUIENES SOMOS"},"content":{"rendered":"<p>[et_pb_section fb_built=\u00bb1&#8243; fullwidth=\u00bbon\u00bb _builder_version=\u00bb4.16&#8243; global_colors_info=\u00bb{}\u00bb][et_pb_fullwidth_header title=\u00bbQUIENES SOMOS\u00bb header_scroll_down=\u00bbon\u00bb scroll_down_icon=\u00bb%%2%%\u00bb button_one_url=\u00bb\/?page_id=16&#8243; _builder_version=\u00bb4.16&#8243; title_font=\u00bbAcme||||||||\u00bb content_font=\u00bbAlike||||||||\u00bb use_background_color_gradient=\u00bbon\u00bb background_color_gradient_stops=\u00bbrgba(224,43,32,0.64) 0%|rgba(224,43,32,0.67) 100%\u00bb background_color_gradient_overlays_image=\u00bbon\u00bb background_color_gradient_start=\u00bbrgba(224,43,32,0.64)\u00bb background_color_gradient_end=\u00bbrgba(224,43,32,0.67)\u00bb background_image=\u00bbhttps:\/\/moroccoexploretours.com\/wp-content\/uploads\/2019\/10\/About-Morocco-Explore-tours-bg.jpg\u00bb background_position=\u00bbtop_center\u00bb custom_button_one=\u00bbon\u00bb button_one_text_color=\u00bb#E02B20&#8243; button_one_bg_color=\u00bb#FFFFFF\u00bb button_one_border_width=\u00bb0px\u00bb button_one_font=\u00bb|700|||||||\u00bb custom_padding=\u00bb180px||||false|false\u00bb custom_padding_tablet=\u00bb132px||||false|false\u00bb custom_padding_phone=\u00bb112px||||false|false\u00bb custom_padding_last_edited=\u00bbon|desktop\u00bb global_colors_info=\u00bb{}\u00bb]QUIENES Morocco Explore Tours[\/et_pb_fullwidth_header][\/et_pb_section][et_pb_section fb_built=\u00bb1&#8243; _builder_version=\u00bb4.16&#8243; background_color=\u00bb#b11116&#8243; custom_padding=\u00bb14px||14px||true|\u00bb global_colors_info=\u00bb{}\u00bb][et_pb_row _builder_version=\u00bb4.16&#8243; custom_margin=\u00bb0px||0px||true|false\u00bb custom_padding=\u00bb0px||0px||true|false\u00bb global_colors_info=\u00bb{}\u00bb][et_pb_column type=\u00bb4_4&#8243; _builder_version=\u00bb4.16&#8243; global_colors_info=\u00bb{}\u00bb][et_pb_text _builder_version=\u00bb4.16&#8243; header_font=\u00bbAcme|||on|||||\u00bb header_text_align=\u00bbcenter\u00bb header_text_color=\u00bb#FFFFFF\u00bb global_colors_info=\u00bb{}\u00bb]<\/p>\n<h1>Conozca Morocco Explore Tours<strong><br \/>\n<\/strong><\/h1>\n<p>[\/et_pb_text][\/et_pb_column][\/et_pb_row][\/et_pb_section][et_pb_section fb_built=\u00bb1&#8243; _builder_version=\u00bb4.16&#8243; global_colors_info=\u00bb{}\u00bb][et_pb_row use_custom_gutter=\u00bbon\u00bb gutter_width=\u00bb2&#8243; _builder_version=\u00bb4.16&#8243; custom_margin=\u00bb||||false|false\u00bb global_colors_info=\u00bb{}\u00bb][et_pb_column type=\u00bb4_4&#8243; _builder_version=\u00bb4.16&#8243; global_colors_info=\u00bb{}\u00bb][et_pb_text _builder_version=\u00bb4.16&#8243; global_colors_info=\u00bb{}\u00bb]<\/p>\n<p>Somos Youssef, Hamid, Mohamed y Hassan; una empresa Marroqu\u00ed-Espa\u00f1ola de viajes, que nos dedicamos a organizar tours, excursiones, viajes, hospedaje y diversi\u00f3n en una econom\u00eda ajustable a todo tipo de presupuesto, por todo Marruecos y Espa\u00f1a, para los amantes del desierto, la naturaleza y la aventura, que durante varios a\u00f1os hemos participado en Rallys y Raids. El paso de los a\u00f1os realizando este tipo de viajes nos ha aportado una gran experiencia, profesionalidad y conocimiento de los lugares m\u00e1s aut\u00e9nticos, famosos e imprescindibles.<\/p>\n<p>Nuestro objetivo es mostrarte las maravillas y bellezas de estos pa\u00edses. Queremos compartir contigo todas nuestras experiencias y que t\u00fa vivas las tuyas propias. Con nosotros descubrir\u00e1s todo Marruecos y Espa\u00f1a, y diferentes destinos: Monta\u00f1as, Valles, Playas, Desiertos y Ciudades Imperiales&#8230;etc. Paseos en Dromedario y noches en el Desierto en una Autentica Haima Bereber conviviendo con familias N\u00f3madas. Rutas personalizadas y todo lo que haga de tu viaje una experiencia \u00fanica e inolvidable. Con nosotros podr\u00e1s vivir una verdadera aventura de una forma original y diferente, nada parecida a lo que hayas vivido hasta ahora.<\/p>\n<p>Desde los viajes m\u00e1s relajados hasta circuitos llenos de aventura por todo Marruecos y Espa\u00f1a. Ofrecemos viajes en busca de los mejores rincones y llegamos a conocer la cultura local a trav\u00e9s de las tribus m\u00e1s aut\u00e9nticas y originarias de la zona como son los bereberes, siempre rodeados de los paisajes m\u00e1s espectaculares.<\/p>\n<p>El alojamiento es variado pero siempre con encanto: Hoteles, Riads, Albergues, Hoteles Rurales, Kasbahs, Bungalows y Campamentos de Haimas en las dunas del desierto.<\/p>\n<p>Ofrecemos una selecci\u00f3n de viajes a medida y personalizados para amigos, parejas, familias con ni\u00f1os, solteros y solteras, estudiantes, viajes de luna de miel, viajes para celebrar cumplea\u00f1os y aniversarios, circuitos fotogr\u00e1ficos&#8230;en los que combinamos las mejores zonas con estancias en campamentos de Haimas en plena naturaleza.<\/p>\n<p>&nbsp;<\/p>\n<p>Para cualquier aventura que busques en Marruecos, Espa\u00f1a y diferentes destinos, nosotros tenemos una propuesta de viaje elaborada con a\u00f1os de experiencia y verdadera pasi\u00f3n. Solemos incluir actividades como Trekking, paseos en Dromedario, circuitos en mountain bike, quads, motos, buggies, rutas off road&#8230;etc, para disfrutar m\u00e1s de la aventura en plena naturaleza y de la magia del desierto, monta\u00f1as del Atlas, costas v\u00edrgenes del Atl\u00e1ntico, bosques, mares de dunas&#8230;<\/p>\n<p>Nuestras rutas giran entre los mejores rincones de nuestros destinos, por eso y por nuestros a\u00f1os de experiencia como gu\u00edas, podemos considerarnos grandes conocedores de Marruecos. \u00a0La experiencia de llevar varios a\u00f1os dedicados al turismo, a trav\u00e9s del contacto con muchos viajeros como t\u00fa y el haber vivido en varios pa\u00edses, nos ha servido para aprender varios idiomas como el Espa\u00f1ol, Ingl\u00e9s, Franc\u00e9s, italiano, Arabe, Bereber, Portugu\u00e9s y Catal\u00e1n. Conocer estos idiomas nos permite explicar a los viajeros la cultura y la diversidad que hay en Marruecos, as\u00ed como las diferentes maneras de pensar y las distintas formas de entender la vida, as\u00ed como de vivirla.<\/p>\n<p>Marruecos es un pa\u00eds que seguro, desde su paisaje hasta su gente te conquistar\u00e1 desde el primer minuto. D\u00e9jate envolver por el aroma de sus calles, por el contraste de sus paisajes, por sus costumbres, su cultura milenaria y por la amabilidad y hospitalidad de sus habitantes que tanto sorprenden a los viajeros. Nuestro equipo da la bienvenida a todos !!!<\/p>\n<p>[\/et_pb_text][\/et_pb_column][\/et_pb_row][et_pb_row column_structure=\u00bb1_3,1_3,1_3&#8243; _builder_version=\u00bb4.16&#8243; global_colors_info=\u00bb{}\u00bb][et_pb_column type=\u00bb1_3&#8243; _builder_version=\u00bb4.16&#8243; global_colors_info=\u00bb{}\u00bb][et_pb_blurb title=\u00bb+212 673 051 060&#8243; url=\u00bbtel:+212662299631&#8243; use_icon=\u00bbon\u00bb font_icon=\u00bb&#xe090;||divi||400&#8243; icon_color=\u00bb#b11116&#8243; _builder_version=\u00bb4.16&#8243; text_orientation=\u00bbcenter\u00bb global_colors_info=\u00bb{}\u00bb]Ll\u00e1menos y chat de WhatsApp[\/et_pb_blurb][\/et_pb_column][et_pb_column type=\u00bb1_3&#8243; _builder_version=\u00bb4.16&#8243; global_colors_info=\u00bb{}\u00bb][et_pb_blurb title=\u00bbmoroccoexploretours@gmail.com\u00bb url=\u00bbmailto:moroccoexploretours@gmail.com\u00bb use_icon=\u00bbon\u00bb font_icon=\u00bb&#xe010;||divi||400&#8243; icon_color=\u00bb#b11116&#8243; _builder_version=\u00bb4.16&#8243; text_orientation=\u00bbcenter\u00bb global_colors_info=\u00bb{}\u00bb]P\u00f3ngase en contacto, env\u00edenos un correo electr\u00f3nico[\/et_pb_blurb][\/et_pb_column][et_pb_column type=\u00bb1_3&#8243; _builder_version=\u00bb4.16&#8243; global_colors_info=\u00bb{}\u00bb][et_pb_image src=\u00bbhttps:\/\/moroccoexploretours.com\/wp-content\/uploads\/2019\/10\/tripadvisor-.png\u00bb url=\u00bbhttps:\/\/www.tripadvisor.com\/Attraction_Review-g293733-d13109084-Reviews-Morocco_Explore_Tours-Fes_Fes_Boulemane_Region.html\u00bb _builder_version=\u00bb4.16&#8243; global_colors_info=\u00bb{}\u00bb][\/et_pb_image][\/et_pb_column][\/et_pb_row][\/et_pb_section]<\/p>\n","protected":false},"excerpt":{"rendered":"<p>QUIENES Morocco Explore ToursConozca Morocco Explore Tours Somos Youssef, Hamid, Mohamed y Hassan; una empresa Marroqu\u00ed-Espa\u00f1ola de viajes, que nos dedicamos a organizar tours, excursiones, viajes, hospedaje y diversi\u00f3n en una econom\u00eda ajustable a todo tipo de presupuesto, por todo Marruecos y Espa\u00f1a, para los amantes del desierto, la naturaleza y la aventura, que durante [&hellip;]<\/p>\n","protected":false},"author":1,"featured_media":0,"parent":0,"menu_order":0,"comment_status":"closed","ping_status":"closed","template":"","meta":{"_et_pb_use_builder":"on","_et_pb_old_content":"","_et_gb_content_width":"","_joinchat":[],"footnotes":""},"class_list":["post-603","page","type-page","status-publish","hentry"],"_links":{"self":[{"href":"https:\/\/www.moroccoexploretours.com\/es\/wp-json\/wp\/v2\/pages\/603","targetHints":{"allow":["GET"]}}],"collection":[{"href":"https:\/\/www.moroccoexploretours.com\/es\/wp-json\/wp\/v2\/pages"}],"about":[{"href":"https:\/\/www.moroccoexploretours.com\/es\/wp-json\/wp\/v2\/types\/page"}],"author":[{"embeddable":true,"href":"https:\/\/www.moroccoexploretours.com\/es\/wp-json\/wp\/v2\/users\/1"}],"replies":[{"embeddable":true,"href":"https:\/\/www.moroccoexploretours.com\/es\/wp-json\/wp\/v2\/comments?post=603"}],"version-history":[{"count":7,"href":"https:\/\/www.moroccoexploretours.com\/es\/wp-json\/wp\/v2\/pages\/603\/revisions"}],"predecessor-version":[{"id":1868,"href":"https:\/\/www.moroccoexploretours.com\/es\/wp-json\/wp\/v2\/pages\/603\/revisions\/1868"}],"wp:attachment":[{"href":"https:\/\/www.moroccoexploretours.com\/es\/wp-json\/wp\/v2\/media?parent=603"}],"curies":[{"name":"wp","href":"https:\/\/api.w.org\/{rel}","templated":true}]}}